{"id":27426,"date":"2023-08-19T23:16:47","date_gmt":"2023-08-19T22:16:47","guid":{"rendered":"https:\/\/sulisluna.com\/shop\/pack-reducir-estres\/"},"modified":"2025-09-03T17:10:43","modified_gmt":"2025-09-03T16:10:43","slug":"pack-reducir-estres","status":"publish","type":"product","link":"https:\/\/sulisluna.com\/es\/producto\/pack-reducir-estres\/","title":{"rendered":"Pack Reducir Estr\u00e9s"},"content":{"rendered":"\t\t<div data-elementor-type=\"wp-post\" data-elementor-id=\"27426\" class=\"elementor elementor-27426 elementor-20129\" data-elementor-post-type=\"product\">\n\t\t\t\t<div class=\"wd-negative-gap elementor-element elementor-element-47f0fdd e-flex e-con-boxed e-con e-parent\" data-id=\"47f0fdd\" data-element_type=\"container\" data-e-type=\"container\">\n\t\t\t\t\t<div class=\"e-con-inner\">\n\t\t\t\t<div class=\"elementor-element elementor-element-9343bdc elementor-widget elementor-widget-heading\" data-id=\"9343bdc\" data-element_type=\"widget\" data-e-type=\"widget\" data-widget_type=\"heading.default\">\n\t\t\t\t<div class=\"elementor-widget-container\">\n\t\t\t\t\t<h3 class=\"elementor-heading-title elementor-size-default\">PACK REDUCIR ESTR\u00c9S<\/h3>\t\t\t\t<\/div>\n\t\t\t\t<\/div>\n\t\t\t\t\t<\/div>\n\t\t\t\t<\/div>\n\t\t\t\t<section class=\"wd-negative-gap elementor-section elementor-top-section elementor-element elementor-element-6db2c9ab elementor-section-boxed elementor-section-height-default elementor-section-height-default\" data-id=\"6db2c9ab\" data-element_type=\"section\" data-e-type=\"section\">\n\t\t\t\t\t\t<div class=\"elementor-container elementor-column-gap-default\">\n\t\t\t\t\t<div class=\"elementor-column elementor-col-33 elementor-top-column elementor-element elementor-element-0dec905\" data-id=\"0dec905\" data-element_type=\"column\" data-e-type=\"column\">\n\t\t\t<div class=\"elementor-widget-wrap elementor-element-populated\">\n\t\t\t\t\t\t<div class=\"elementor-element elementor-element-4f3e8dd elementor-widget elementor-widget-spacer\" data-id=\"4f3e8dd\" data-element_type=\"widget\" data-e-type=\"widget\" data-widget_type=\"spacer.default\">\n\t\t\t\t<div class=\"elementor-widget-container\">\n\t\t\t\t\t\t\t<div class=\"elementor-spacer\">\n\t\t\t<div class=\"elementor-spacer-inner\"><\/div>\n\t\t<\/div>\n\t\t\t\t\t\t<\/div>\n\t\t\t\t<\/div>\n\t\t\t\t\t<\/div>\n\t\t<\/div>\n\t\t\t\t<div class=\"elementor-column elementor-col-33 elementor-top-column elementor-element elementor-element-74e7006\" data-id=\"74e7006\" data-element_type=\"column\" data-e-type=\"column\">\n\t\t\t<div class=\"elementor-widget-wrap elementor-element-populated\">\n\t\t\t\t\t\t<div class=\"elementor-element elementor-element-0dfdb46 elementor-widget__width-initial elementor-widget elementor-widget-wd_text_block\" data-id=\"0dfdb46\" data-element_type=\"widget\" data-e-type=\"widget\" data-widget_type=\"wd_text_block.default\">\n\t\t\t\t<div class=\"elementor-widget-container\">\n\t\t\t\t\t\t\t<div class=\"wd-text-block reset-last-child text-left\">\n\t\t\t\n\t\t\t<p>Pack Reducir Estr\u00e9s es una soluci\u00f3n vibracional mineral natural que act\u00faa utilizando la energ\u00eda del estr\u00e9s de manera eficiente. Este pack consiste en esencias minerales naturales combinadas con antiguas recetas alqu\u00edmicas y agua informada. Fue dise\u00f1ado para proporcionar asistencia durante el d\u00eda y la noche ante desequilibrios relacionados con manifestaciones mentales y emocionales de estr\u00e9s e irritabilidad, ofreciendo armon\u00eda y alineaci\u00f3n en los cuerpos mental y emocional. La recomendaci\u00f3n habitual es tomar 20 gotas diarias: 10 por la ma\u00f1ana (LITAVIS) y 10 a la hora de acostarse (ARIANRHOD). Se recomienda diluir las gotas en un vaso de agua (aproximadamente entre 50 ml y 150 ml). durante 25 segundos.<\/p><p>Pack Reducir Estr\u00e9s es una soluci\u00f3n vibracional mineral natural que act\u00faa para aprovechar la energ\u00eda del estr\u00e9s de manera eficiente.<\/p><p>Este pack se compone de esencias minerales naturales combinadas con antiguas recetas alqu\u00edmicas con agua informada.<\/p><p>Esta soluci\u00f3n fue dise\u00f1ada para proporcionar asistencia d\u00eda y noche frente a los desequilibrios relacionados con ciertas manifestaciones mentales y emocionales del estr\u00e9s y la irritabilidad, brindando armon\u00eda y alineaci\u00f3n en los cuerpos mental y emocional.<\/p><p>La recomendaci\u00f3n habitual es tomar 20 gotas diarias: 10 en la ma\u00f1ana (LITAVIS) y 10 antes de dormir (ARIANRHOD). Se sugiere diluir las gotas en un vaso de agua (aproximadamente 50 ml a 150 ml).<\/p>\n\t\t\t\t\t<\/div>\n\t\t\t\t\t\t<\/div>\n\t\t\t\t<\/div>\n\t\t\t\t\t<\/div>\n\t\t<\/div>\n\t\t\t\t<div class=\"elementor-column elementor-col-33 elementor-top-column elementor-element elementor-element-cb051fd\" data-id=\"cb051fd\" data-element_type=\"column\" data-e-type=\"column\">\n\t\t\t<div class=\"elementor-widget-wrap elementor-element-populated\">\n\t\t\t\t\t\t<div class=\"elementor-element elementor-element-270533b elementor-widget elementor-widget-image\" data-id=\"270533b\" data-element_type=\"widget\" data-e-type=\"widget\" data-widget_type=\"image.default\">\n\t\t\t\t<div class=\"elementor-widget-container\">\n\t\t\t\t\t\t\t\t\t\t\t\t\t\t\t<img loading=\"lazy\" decoding=\"async\" width=\"253\" height=\"300\" src=\"https:\/\/sulisluna.com\/wp-content\/themes\/woodmart\/images\/lazy.svg\" class=\"attachment-medium size-medium wp-image-34717 wd-lazy-fade\" alt=\"pack reducir estres\" srcset=\"\" sizes=\"auto, (max-width: 253px) 100vw, 253px\" data-src=\"https:\/\/sulisluna.com\/wp-content\/uploads\/pack-reducir-estres-253x300.webp\" data-srcset=\"https:\/\/sulisluna.com\/wp-content\/uploads\/pack-reducir-estres-253x300.webp 253w, https:\/\/sulisluna.com\/wp-content\/uploads\/pack-reducir-estres-150x178.webp 150w, https:\/\/sulisluna.com\/wp-content\/uploads\/pack-reducir-estres.webp 400w\" title=\"\">\t\t\t\t\t\t\t\t\t\t\t\t\t\t\t<\/div>\n\t\t\t\t<\/div>\n\t\t\t\t\t<\/div>\n\t\t<\/div>\n\t\t\t\t\t<\/div>\n\t\t<\/section>\n\t\t\t\t<\/div>\n\t\t","protected":false},"excerpt":{"rendered":"<p><em>\u00abMuy buena ayuda para la claridad mental en situaciones de estr\u00e9s\u00bb.<\/em><\/p>\n","protected":false},"featured_media":19317,"comment_status":"open","ping_status":"closed","template":"","meta":[],"product_brand":[],"product_cat":[337,119],"product_tag":[],"class_list":{"0":"post-27426","1":"product","2":"type-product","3":"status-publish","4":"has-post-thumbnail","6":"product_cat-packs-es","7":"product_cat-packs","8":"pa_flavours-canela-es","9":"pa_flavours-limon","10":"pa_flavours-menta","11":"pa_flavours-natural-es","12":"pa_size_cbd_oil-30-ml-es","14":"first","15":"instock","16":"shipping-taxable","17":"purchasable","18":"product-type-simple"},"_links":{"self":[{"href":"https:\/\/sulisluna.com\/es\/wp-json\/wp\/v2\/product\/27426","targetHints":{"allow":["GET"]}}],"collection":[{"href":"https:\/\/sulisluna.com\/es\/wp-json\/wp\/v2\/product"}],"about":[{"href":"https:\/\/sulisluna.com\/es\/wp-json\/wp\/v2\/types\/product"}],"replies":[{"embeddable":true,"href":"https:\/\/sulisluna.com\/es\/wp-json\/wp\/v2\/comments?post=27426"}],"version-history":[{"count":0,"href":"https:\/\/sulisluna.com\/es\/wp-json\/wp\/v2\/product\/27426\/revisions"}],"wp:featuredmedia":[{"embeddable":true,"href":"https:\/\/sulisluna.com\/es\/wp-json\/wp\/v2\/media\/19317"}],"wp:attachment":[{"href":"https:\/\/sulisluna.com\/es\/wp-json\/wp\/v2\/media?parent=27426"}],"wp:term":[{"taxonomy":"product_brand","embeddable":true,"href":"https:\/\/sulisluna.com\/es\/wp-json\/wp\/v2\/product_brand?post=27426"},{"taxonomy":"product_cat","embeddable":true,"href":"https:\/\/sulisluna.com\/es\/wp-json\/wp\/v2\/product_cat?post=27426"},{"taxonomy":"product_tag","embeddable":true,"href":"https:\/\/sulisluna.com\/es\/wp-json\/wp\/v2\/product_tag?post=27426"}],"curies":[{"name":"wp","href":"https:\/\/api.w.org\/{rel}","templated":true}]}}