{"id":27436,"date":"2023-08-07T00:43:21","date_gmt":"2023-08-06T23:43:21","guid":{"rendered":"https:\/\/sulisluna.com\/shop\/pack-burn-out\/"},"modified":"2025-09-03T16:38:26","modified_gmt":"2025-09-03T15:38:26","slug":"pack-burn-out","status":"publish","type":"product","link":"https:\/\/sulisluna.com\/es\/producto\/pack-burn-out\/","title":{"rendered":"Pack Burn-Out"},"content":{"rendered":"\t\t<div data-elementor-type=\"wp-post\" data-elementor-id=\"27436\" class=\"elementor elementor-27436 elementor-17370\" data-elementor-post-type=\"product\">\n\t\t\t\t<div class=\"wd-negative-gap elementor-element elementor-element-47f0fdd e-flex e-con-boxed e-con e-parent\" data-id=\"47f0fdd\" data-element_type=\"container\" data-e-type=\"container\">\n\t\t\t\t\t<div class=\"e-con-inner\">\n\t\t\t\t<div class=\"elementor-element elementor-element-9343bdc elementor-widget elementor-widget-heading\" data-id=\"9343bdc\" data-element_type=\"widget\" data-e-type=\"widget\" data-widget_type=\"heading.default\">\n\t\t\t\t<div class=\"elementor-widget-container\">\n\t\t\t\t\t<h3 class=\"elementor-heading-title elementor-size-default\">Pack Burn-Out<\/h3>\t\t\t\t<\/div>\n\t\t\t\t<\/div>\n\t\t\t\t\t<\/div>\n\t\t\t\t<\/div>\n\t\t\t\t<section class=\"wd-negative-gap elementor-section elementor-top-section elementor-element elementor-element-6db2c9ab elementor-section-boxed elementor-section-height-default elementor-section-height-default\" data-id=\"6db2c9ab\" data-element_type=\"section\" data-e-type=\"section\">\n\t\t\t\t\t\t<div class=\"elementor-container elementor-column-gap-default\">\n\t\t\t\t\t<div class=\"elementor-column elementor-col-33 elementor-top-column elementor-element elementor-element-0dec905\" data-id=\"0dec905\" data-element_type=\"column\" data-e-type=\"column\">\n\t\t\t<div class=\"elementor-widget-wrap elementor-element-populated\">\n\t\t\t\t\t\t<div class=\"elementor-element elementor-element-4f3e8dd elementor-widget elementor-widget-spacer\" data-id=\"4f3e8dd\" data-element_type=\"widget\" data-e-type=\"widget\" data-widget_type=\"spacer.default\">\n\t\t\t\t<div class=\"elementor-widget-container\">\n\t\t\t\t\t\t\t<div class=\"elementor-spacer\">\n\t\t\t<div class=\"elementor-spacer-inner\"><\/div>\n\t\t<\/div>\n\t\t\t\t\t\t<\/div>\n\t\t\t\t<\/div>\n\t\t\t\t\t<\/div>\n\t\t<\/div>\n\t\t\t\t<div class=\"elementor-column elementor-col-33 elementor-top-column elementor-element elementor-element-74e7006\" data-id=\"74e7006\" data-element_type=\"column\" data-e-type=\"column\">\n\t\t\t<div class=\"elementor-widget-wrap elementor-element-populated\">\n\t\t\t\t\t\t<div class=\"elementor-element elementor-element-0dfdb46 elementor-widget__width-initial elementor-widget elementor-widget-wd_text_block\" data-id=\"0dfdb46\" data-element_type=\"widget\" data-e-type=\"widget\" data-widget_type=\"wd_text_block.default\">\n\t\t\t\t<div class=\"elementor-widget-container\">\n\t\t\t\t\t\t\t<div class=\"wd-text-block reset-last-child text-left\">\n\t\t\t\n\t\t\t<p>Pack Burn-Out combina 2 productos: LITAVIS (30 ml) y aceite de CBD 5% (10 ml).<\/p><p>LITAVIS es un producto de esencias minerales naturales combinadas con antiguas recetas alqu\u00edmicas con agua informada que act\u00faa a nivel mental y emocional.<\/p><p>Nuestro aceite de CBD 5% est\u00e1 compuesto por una mezcla de aceite de semilla de c\u00e1\u00f1amo org\u00e1nico de 1\u00aa presi\u00f3n en fr\u00edo, 500 mg de extracto de c\u00e1\u00f1amo vegetal CBD y terpenos de la planta de cannabis.<\/p><p>Este pack natural burn-out con CBD est\u00e1 dise\u00f1ado para los desequilibrios relacionados con ciertas manifestaciones mentales, emocionales y f\u00edsicas del estr\u00e9s m\u00e1s profundo y sus manifestaciones, como la irritabilidad y el nerviosismo.<\/p><p>La recomendaci\u00f3n habitual es tomar LITAVIS 16 gotas al d\u00eda: 6 por la ma\u00f1ana y 10 al acostarse. Lo mejor es diluir las gotas en un vaso de agua (aproximadamente de 50 ml a 150 ml). El aceite de CBD es de unas 4 a 6 gotas durante\/despu\u00e9s de las dos comidas principales para personas que pesen entre 50kg y 99kg.<\/p>\n\t\t\t\t\t<\/div>\n\t\t\t\t\t\t<\/div>\n\t\t\t\t<\/div>\n\t\t\t\t\t<\/div>\n\t\t<\/div>\n\t\t\t\t<div class=\"elementor-column elementor-col-33 elementor-top-column elementor-element elementor-element-cb051fd\" data-id=\"cb051fd\" data-element_type=\"column\" data-e-type=\"column\">\n\t\t\t<div class=\"elementor-widget-wrap elementor-element-populated\">\n\t\t\t\t\t\t<div class=\"elementor-element elementor-element-270533b elementor-widget elementor-widget-image\" data-id=\"270533b\" data-element_type=\"widget\" data-e-type=\"widget\" data-widget_type=\"image.default\">\n\t\t\t\t<div class=\"elementor-widget-container\">\n\t\t\t\t\t\t\t\t\t\t\t\t\t\t\t<img loading=\"lazy\" decoding=\"async\" width=\"253\" height=\"300\" src=\"https:\/\/sulisluna.com\/wp-content\/uploads\/stress-free-253x300.webp\" class=\"attachment-medium size-medium wp-image-25566\" alt=\"burn-out\" srcset=\"https:\/\/sulisluna.com\/wp-content\/uploads\/stress-free-253x300.webp 253w, https:\/\/sulisluna.com\/wp-content\/uploads\/stress-free-150x178.webp 150w, https:\/\/sulisluna.com\/wp-content\/uploads\/stress-free.webp 400w\" sizes=\"auto, (max-width: 253px) 100vw, 253px\" title=\"\">\t\t\t\t\t\t\t\t\t\t\t\t\t\t\t<\/div>\n\t\t\t\t<\/div>\n\t\t\t\t\t<\/div>\n\t\t<\/div>\n\t\t\t\t\t<\/div>\n\t\t<\/section>\n\t\t\t\t<\/div>\n\t\t","protected":false},"excerpt":{"rendered":"<p><em>\u00abExcelente combinaci\u00f3n natural. Muy r\u00e1pida y eficaz\u00bb.<\/em><\/p>\n","protected":false},"featured_media":19326,"comment_status":"open","ping_status":"closed","template":"","meta":[],"product_brand":[],"product_cat":[337],"product_tag":[343],"class_list":{"0":"post-27436","1":"product","2":"type-product","3":"status-publish","4":"has-post-thumbnail","6":"product_cat-packs-es","7":"product_tag-es_stresscbdpack","8":"pa_flavours-canela-es","9":"pa_flavours-limon","10":"pa_flavours-menta","11":"pa_flavours-natural-es","12":"pa_size_cbd_oil-10-ml-es","13":"pa_size_cbd_oil-30-ml-es","15":"first","16":"instock","17":"shipping-taxable","18":"purchasable","19":"product-type-simple"},"_links":{"self":[{"href":"https:\/\/sulisluna.com\/es\/wp-json\/wp\/v2\/product\/27436","targetHints":{"allow":["GET"]}}],"collection":[{"href":"https:\/\/sulisluna.com\/es\/wp-json\/wp\/v2\/product"}],"about":[{"href":"https:\/\/sulisluna.com\/es\/wp-json\/wp\/v2\/types\/product"}],"replies":[{"embeddable":true,"href":"https:\/\/sulisluna.com\/es\/wp-json\/wp\/v2\/comments?post=27436"}],"version-history":[{"count":0,"href":"https:\/\/sulisluna.com\/es\/wp-json\/wp\/v2\/product\/27436\/revisions"}],"wp:featuredmedia":[{"embeddable":true,"href":"https:\/\/sulisluna.com\/es\/wp-json\/wp\/v2\/media\/19326"}],"wp:attachment":[{"href":"https:\/\/sulisluna.com\/es\/wp-json\/wp\/v2\/media?parent=27436"}],"wp:term":[{"taxonomy":"product_brand","embeddable":true,"href":"https:\/\/sulisluna.com\/es\/wp-json\/wp\/v2\/product_brand?post=27436"},{"taxonomy":"product_cat","embeddable":true,"href":"https:\/\/sulisluna.com\/es\/wp-json\/wp\/v2\/product_cat?post=27436"},{"taxonomy":"product_tag","embeddable":true,"href":"https:\/\/sulisluna.com\/es\/wp-json\/wp\/v2\/product_tag?post=27436"}],"curies":[{"name":"wp","href":"https:\/\/api.w.org\/{rel}","templated":true}]}}