{"id":27506,"date":"2023-08-06T18:08:28","date_gmt":"2023-08-06T17:08:28","guid":{"rendered":"https:\/\/sulisluna.com\/shop\/joy-perro-y-gato-triste\/"},"modified":"2025-09-03T21:51:02","modified_gmt":"2025-09-03T20:51:02","slug":"gato-triste-perro-joy-sulispet","status":"publish","type":"product","link":"https:\/\/sulisluna.com\/es\/producto\/gato-triste-perro-joy-sulispet\/","title":{"rendered":"JOY &#8211; Perro y Gato Triste"},"content":{"rendered":"\t\t<div data-elementor-type=\"wp-post\" data-elementor-id=\"27506\" class=\"elementor elementor-27506 elementor-17302\" data-elementor-post-type=\"product\">\n\t\t\t\t<div class=\"wd-negative-gap elementor-element elementor-element-47f0fdd e-flex e-con-boxed e-con e-parent\" data-id=\"47f0fdd\" data-element_type=\"container\" data-e-type=\"container\">\n\t\t\t\t\t<div class=\"e-con-inner\">\n\t\t\t\t<div class=\"elementor-element elementor-element-9343bdc elementor-widget elementor-widget-heading\" data-id=\"9343bdc\" data-element_type=\"widget\" data-e-type=\"widget\" data-widget_type=\"heading.default\">\n\t\t\t\t<div class=\"elementor-widget-container\">\n\t\t\t\t\t<h3 class=\"elementor-heading-title elementor-size-default\">JOY - Perro y Gato Triste<\/h3>\t\t\t\t<\/div>\n\t\t\t\t<\/div>\n\t\t\t\t\t<\/div>\n\t\t\t\t<\/div>\n\t\t\t\t<section class=\"wd-negative-gap elementor-section elementor-top-section elementor-element elementor-element-6db2c9ab elementor-section-boxed elementor-section-height-default elementor-section-height-default\" data-id=\"6db2c9ab\" data-element_type=\"section\" data-e-type=\"section\">\n\t\t\t\t\t\t<div class=\"elementor-container elementor-column-gap-default\">\n\t\t\t\t\t<div class=\"elementor-column elementor-col-33 elementor-top-column elementor-element elementor-element-0dec905\" data-id=\"0dec905\" data-element_type=\"column\" data-e-type=\"column\">\n\t\t\t<div class=\"elementor-widget-wrap elementor-element-populated\">\n\t\t\t\t\t\t<div class=\"elementor-element elementor-element-4f3e8dd elementor-widget elementor-widget-spacer\" data-id=\"4f3e8dd\" data-element_type=\"widget\" data-e-type=\"widget\" data-widget_type=\"spacer.default\">\n\t\t\t\t<div class=\"elementor-widget-container\">\n\t\t\t\t\t\t\t<div class=\"elementor-spacer\">\n\t\t\t<div class=\"elementor-spacer-inner\"><\/div>\n\t\t<\/div>\n\t\t\t\t\t\t<\/div>\n\t\t\t\t<\/div>\n\t\t\t\t\t<\/div>\n\t\t<\/div>\n\t\t\t\t<div class=\"elementor-column elementor-col-33 elementor-top-column elementor-element elementor-element-74e7006\" data-id=\"74e7006\" data-element_type=\"column\" data-e-type=\"column\">\n\t\t\t<div class=\"elementor-widget-wrap elementor-element-populated\">\n\t\t\t\t\t\t<div class=\"elementor-element elementor-element-0dfdb46 elementor-widget__width-initial elementor-widget elementor-widget-wd_text_block\" data-id=\"0dfdb46\" data-element_type=\"widget\" data-e-type=\"widget\" data-widget_type=\"wd_text_block.default\">\n\t\t\t\t<div class=\"elementor-widget-container\">\n\t\t\t\t\t\t\t<div class=\"wd-text-block reset-last-child text-left\">\n\t\t\t\n\t\t\t<p>Joy - Perro y Gato Triste es una soluci\u00f3n mineral vibracional natural que ayuda a los perros y gatos que est\u00e1n tristes a dejar ir esa tristeza.<\/p><p>Joy - Perro y Gato Triste se compone de esencias minerales naturales de agua de mar combinadas con agua informada mediante antiguas recetas alqu\u00edmicas.<\/p><p>Joy - Perro y Gato Triste fue desarrollado con una vibraci\u00f3n base espec\u00edfica para los desequilibrios relacionados con la depresi\u00f3n y la tristeza, proporcionando armon\u00eda en los cuerpos mental, emocional y energ\u00e9tico.<\/p>\n\t\t\t\t\t<\/div>\n\t\t\t\t\t\t<\/div>\n\t\t\t\t<\/div>\n\t\t\t\t\t<\/div>\n\t\t<\/div>\n\t\t\t\t<div class=\"elementor-column elementor-col-33 elementor-top-column elementor-element elementor-element-cb051fd\" data-id=\"cb051fd\" data-element_type=\"column\" data-e-type=\"column\">\n\t\t\t<div class=\"elementor-widget-wrap elementor-element-populated\">\n\t\t\t\t\t\t<div class=\"elementor-element elementor-element-270533b elementor-widget elementor-widget-image\" data-id=\"270533b\" data-element_type=\"widget\" data-e-type=\"widget\" data-widget_type=\"image.default\">\n\t\t\t\t<div class=\"elementor-widget-container\">\n\t\t\t\t\t\t\t\t\t\t\t\t\t\t\t<img decoding=\"async\" class=\" wd-lazy-fade\" src=\"https:\/\/sulisluna.com\/wp-content\/themes\/woodmart\/images\/lazy.svg\" data-src=\"https:\/\/sulisluna.com\/wp-content\/uploads\/elementor\/thumbs\/joy-pet-qdfjtll75uk3v25sllmc2rbai24la3bfq9tvbx3ux0.webp\" title=\"joy pet\" alt=\"gato triste\" loading=\"lazy\" \/>\t\t\t\t\t\t\t\t\t\t\t\t\t\t\t<\/div>\n\t\t\t\t<\/div>\n\t\t\t\t\t<\/div>\n\t\t<\/div>\n\t\t\t\t\t<\/div>\n\t\t<\/section>\n\t\t\t\t<\/div>\n\t\t","protected":false},"excerpt":{"rendered":"<p><em>\u00abEn 3 semanas la tristeza de mi gatito empez\u00f3 a disminuir significativamente\u00bb<\/em><\/p>\n","protected":false},"featured_media":18843,"comment_status":"open","ping_status":"closed","template":"","meta":[],"product_brand":[],"product_cat":[353],"product_tag":[375],"class_list":{"0":"post-27506","1":"product","2":"type-product","3":"status-publish","4":"has-post-thumbnail","6":"product_cat-sulispet-es","7":"product_tag-es_sp_joy","8":"pa_flavours-canela-es","9":"pa_flavours-limon","10":"pa_flavours-menta","11":"pa_flavours-natural-es","12":"pa_size_cbd_oil-30-ml-es","14":"first","15":"instock","16":"shipping-taxable","17":"purchasable","18":"product-type-simple"},"_links":{"self":[{"href":"https:\/\/sulisluna.com\/es\/wp-json\/wp\/v2\/product\/27506","targetHints":{"allow":["GET"]}}],"collection":[{"href":"https:\/\/sulisluna.com\/es\/wp-json\/wp\/v2\/product"}],"about":[{"href":"https:\/\/sulisluna.com\/es\/wp-json\/wp\/v2\/types\/product"}],"replies":[{"embeddable":true,"href":"https:\/\/sulisluna.com\/es\/wp-json\/wp\/v2\/comments?post=27506"}],"version-history":[{"count":0,"href":"https:\/\/sulisluna.com\/es\/wp-json\/wp\/v2\/product\/27506\/revisions"}],"wp:featuredmedia":[{"embeddable":true,"href":"https:\/\/sulisluna.com\/es\/wp-json\/wp\/v2\/media\/18843"}],"wp:attachment":[{"href":"https:\/\/sulisluna.com\/es\/wp-json\/wp\/v2\/media?parent=27506"}],"wp:term":[{"taxonomy":"product_brand","embeddable":true,"href":"https:\/\/sulisluna.com\/es\/wp-json\/wp\/v2\/product_brand?post=27506"},{"taxonomy":"product_cat","embeddable":true,"href":"https:\/\/sulisluna.com\/es\/wp-json\/wp\/v2\/product_cat?post=27506"},{"taxonomy":"product_tag","embeddable":true,"href":"https:\/\/sulisluna.com\/es\/wp-json\/wp\/v2\/product_tag?post=27506"}],"curies":[{"name":"wp","href":"https:\/\/api.w.org\/{rel}","templated":true}]}}