{"id":27548,"date":"2023-08-03T23:41:35","date_gmt":"2023-08-03T22:41:35","guid":{"rendered":"https:\/\/sulisluna.com\/shop\/aceite-cbd-20\/"},"modified":"2025-09-03T16:17:14","modified_gmt":"2025-09-03T15:17:14","slug":"aceite-cbd-20-6000-sulisluna","status":"publish","type":"product","link":"https:\/\/sulisluna.com\/es\/producto\/aceite-cbd-20-6000-sulisluna\/","title":{"rendered":"Aceite CBD 20%"},"content":{"rendered":"\t\t<div data-elementor-type=\"wp-post\" data-elementor-id=\"27548\" class=\"elementor elementor-27548 elementor-16848\" data-elementor-post-type=\"product\">\n\t\t\t\t<div class=\"wd-negative-gap elementor-element elementor-element-47f0fdd e-flex e-con-boxed e-con e-parent\" data-id=\"47f0fdd\" data-element_type=\"container\" data-e-type=\"container\">\n\t\t\t\t\t<div class=\"e-con-inner\">\n\t\t\t\t<div class=\"elementor-element elementor-element-9343bdc elementor-widget elementor-widget-heading\" data-id=\"9343bdc\" data-element_type=\"widget\" data-e-type=\"widget\" data-widget_type=\"heading.default\">\n\t\t\t\t<div class=\"elementor-widget-container\">\n\t\t\t\t\t<h2 class=\"elementor-heading-title elementor-size-default\">Aceite CBD 20%<\/h2>\t\t\t\t<\/div>\n\t\t\t\t<\/div>\n\t\t\t\t\t<\/div>\n\t\t\t\t<\/div>\n\t\t\t\t<section class=\"wd-negative-gap elementor-section elementor-top-section elementor-element elementor-element-6db2c9ab elementor-section-boxed elementor-section-height-default elementor-section-height-default\" data-id=\"6db2c9ab\" data-element_type=\"section\" data-e-type=\"section\">\n\t\t\t\t\t\t<div class=\"elementor-container elementor-column-gap-default\">\n\t\t\t\t\t<div class=\"elementor-column elementor-col-33 elementor-top-column elementor-element elementor-element-0dec905\" data-id=\"0dec905\" data-element_type=\"column\" data-e-type=\"column\">\n\t\t\t<div class=\"elementor-widget-wrap elementor-element-populated\">\n\t\t\t\t\t\t<div class=\"elementor-element elementor-element-4f3e8dd elementor-widget elementor-widget-spacer\" data-id=\"4f3e8dd\" data-element_type=\"widget\" data-e-type=\"widget\" data-widget_type=\"spacer.default\">\n\t\t\t\t<div class=\"elementor-widget-container\">\n\t\t\t\t\t\t\t<div class=\"elementor-spacer\">\n\t\t\t<div class=\"elementor-spacer-inner\"><\/div>\n\t\t<\/div>\n\t\t\t\t\t\t<\/div>\n\t\t\t\t<\/div>\n\t\t\t\t\t<\/div>\n\t\t<\/div>\n\t\t\t\t<div class=\"elementor-column elementor-col-33 elementor-top-column elementor-element elementor-element-74e7006\" data-id=\"74e7006\" data-element_type=\"column\" data-e-type=\"column\">\n\t\t\t<div class=\"elementor-widget-wrap elementor-element-populated\">\n\t\t\t\t\t\t<div class=\"elementor-element elementor-element-7e61bd6 elementor-widget__width-initial elementor-widget elementor-widget-wd_text_block\" data-id=\"7e61bd6\" data-element_type=\"widget\" data-e-type=\"widget\" data-widget_type=\"wd_text_block.default\">\n\t\t\t\t<div class=\"elementor-widget-container\">\n\t\t\t\t\t\t\t<div class=\"wd-text-block reset-last-child text-left\">\n\t\t\t\n\t\t\t<p>El aceite CBD 20% se compone de aceite de semilla de c\u00e1\u00f1amo org\u00e1nico\/bio 1\u00ba prensado en fr\u00edo, extracto de planta de c\u00e1\u00f1amo (CBD 2000 mg\/10 ml o 6000mg\/30 ml) y terpenos de la planta de cannabis. Tambi\u00e9n ofrecemos sabores basados en aceites esenciales, como menta, lim\u00f3n y canela.<\/p><p><span style=\"font-size: 16px; letter-spacing: 0px; background-color: var(--bgcolor-white); color: var(--wd-text-color);\">Los terpenos son compuestos arom\u00e1ticos y terap\u00e9uticos que confieren al cannabis su olor caracter\u00edstico. Nuestro aceite CBD 20% tiene una formulaci\u00f3n \u00fanica de terpenos que crea una interacci\u00f3n sin\u00e9rgica de todos los compuestos de la planta de cannabis, mejorando la eficacia y la absorci\u00f3n del CBD.<\/span><\/p><p><span style=\"font-size: 16px; letter-spacing: 0px; background-color: var(--bgcolor-white); color: var(--wd-text-color);\">Los aceites esenciales son extractos concentrados de plantas que se utilizan desde hace siglos por sus notables propiedades terap\u00e9uticas. <\/span><\/p><p>Nuestro aceite CBD al 20% es una gran elecci\u00f3n para experimentar los beneficios del CBD, los terpenos y los aceites esenciales. Es perfecto para las personas que buscan una forma natural de mejorar su salud y bienestar.<\/p>\n\t\t\t\t\t<\/div>\n\t\t\t\t\t\t<\/div>\n\t\t\t\t<\/div>\n\t\t\t\t\t<\/div>\n\t\t<\/div>\n\t\t\t\t<div class=\"elementor-column elementor-col-33 elementor-top-column elementor-element elementor-element-cb051fd\" data-id=\"cb051fd\" data-element_type=\"column\" data-e-type=\"column\">\n\t\t\t<div class=\"elementor-widget-wrap elementor-element-populated\">\n\t\t\t\t\t\t<div class=\"elementor-element elementor-element-270533b elementor-widget elementor-widget-image\" data-id=\"270533b\" data-element_type=\"widget\" data-e-type=\"widget\" data-widget_type=\"image.default\">\n\t\t\t\t<div class=\"elementor-widget-container\">\n\t\t\t\t\t\t\t\t\t\t\t\t\t\t\t<img loading=\"lazy\" decoding=\"async\" width=\"200\" height=\"300\" src=\"https:\/\/sulisluna.com\/wp-content\/themes\/woodmart\/images\/lazy.svg\" class=\"attachment-medium size-medium wp-image-24857 wd-lazy-fade\" alt=\"aceite cbd 20\" srcset=\"\" sizes=\"auto, (max-width: 200px) 100vw, 200px\" data-src=\"https:\/\/sulisluna.com\/wp-content\/uploads\/oleo-de-cbd-20-1-200x300.webp\" data-srcset=\"https:\/\/sulisluna.com\/wp-content\/uploads\/oleo-de-cbd-20-1-200x300.webp 200w, https:\/\/sulisluna.com\/wp-content\/uploads\/oleo-de-cbd-20-1-150x225.webp 150w, https:\/\/sulisluna.com\/wp-content\/uploads\/oleo-de-cbd-20-1.webp 300w\" title=\"\">\t\t\t\t\t\t\t\t\t\t\t\t\t\t\t<\/div>\n\t\t\t\t<\/div>\n\t\t\t\t\t<\/div>\n\t\t<\/div>\n\t\t\t\t\t<\/div>\n\t\t<\/section>\n\t\t\t\t<\/div>\n\t\t","protected":false},"excerpt":{"rendered":"<p><em>\u00ab\u00a1El aceite de CBD al 20% es potente! Excelente para aliviar el dolor cr\u00f3nico\u00bb.<\/em><\/p>\n<p>Ahorra <span style=\"color: #ff0000;\">57,98 euros<\/span> (35%) eligiendo 30 ml.<\/p>\n","protected":false},"featured_media":18433,"comment_status":"open","ping_status":"closed","template":"","meta":[],"product_brand":[],"product_cat":[351],"product_tag":[385],"class_list":{"0":"post-27548","1":"product","2":"type-product","3":"status-publish","4":"has-post-thumbnail","6":"product_cat-aceite-cbd","7":"product_tag-es_cbd20","8":"pa_flavours-canela-es","9":"pa_flavours-limon","10":"pa_flavours-menta","11":"pa_flavours-natural-es","12":"pa_size_cbd_oil-10-ml-es","13":"pa_size_cbd_oil-30-ml-es","15":"first","16":"instock","17":"sale","18":"shipping-taxable","19":"purchasable","20":"product-type-variable","21":"has-default-attributes"},"_links":{"self":[{"href":"https:\/\/sulisluna.com\/es\/wp-json\/wp\/v2\/product\/27548","targetHints":{"allow":["GET"]}}],"collection":[{"href":"https:\/\/sulisluna.com\/es\/wp-json\/wp\/v2\/product"}],"about":[{"href":"https:\/\/sulisluna.com\/es\/wp-json\/wp\/v2\/types\/product"}],"replies":[{"embeddable":true,"href":"https:\/\/sulisluna.com\/es\/wp-json\/wp\/v2\/comments?post=27548"}],"version-history":[{"count":0,"href":"https:\/\/sulisluna.com\/es\/wp-json\/wp\/v2\/product\/27548\/revisions"}],"wp:featuredmedia":[{"embeddable":true,"href":"https:\/\/sulisluna.com\/es\/wp-json\/wp\/v2\/media\/18433"}],"wp:attachment":[{"href":"https:\/\/sulisluna.com\/es\/wp-json\/wp\/v2\/media?parent=27548"}],"wp:term":[{"taxonomy":"product_brand","embeddable":true,"href":"https:\/\/sulisluna.com\/es\/wp-json\/wp\/v2\/product_brand?post=27548"},{"taxonomy":"product_cat","embeddable":true,"href":"https:\/\/sulisluna.com\/es\/wp-json\/wp\/v2\/product_cat?post=27548"},{"taxonomy":"product_tag","embeddable":true,"href":"https:\/\/sulisluna.com\/es\/wp-json\/wp\/v2\/product_tag?post=27548"}],"curies":[{"name":"wp","href":"https:\/\/api.w.org\/{rel}","templated":true}]}}