{"id":33757,"date":"2025-02-13T16:24:25","date_gmt":"2025-02-13T16:24:25","guid":{"rendered":"https:\/\/sulisluna.com\/shop\/cbd-horses-equines-oil\/"},"modified":"2026-04-07T16:08:33","modified_gmt":"2026-04-07T15:08:33","slug":"cbd-caballos-equinos-aceite","status":"publish","type":"product","link":"https:\/\/sulisluna.com\/es\/producto\/cbd-caballos-equinos-aceite\/","title":{"rendered":"CBD Caballos Equinex"},"content":{"rendered":"\t\t<div data-elementor-type=\"wp-post\" data-elementor-id=\"33757\" class=\"elementor elementor-33757 elementor-33734\" data-elementor-post-type=\"product\">\n\t\t\t\t<div class=\"wd-negative-gap elementor-element elementor-element-47f0fdd e-flex e-con-boxed e-con e-parent\" data-id=\"47f0fdd\" data-element_type=\"container\" data-e-type=\"container\">\n\t\t\t\t\t<div class=\"e-con-inner\">\n\t\t\t\t<div class=\"elementor-element elementor-element-9343bdc elementor-widget elementor-widget-heading\" data-id=\"9343bdc\" data-element_type=\"widget\" data-e-type=\"widget\" data-widget_type=\"heading.default\">\n\t\t\t\t<div class=\"elementor-widget-container\">\n\t\t\t\t\t<h2 class=\"elementor-heading-title elementor-size-default\">CBD Caballos Equinex<\/h2>\t\t\t\t<\/div>\n\t\t\t\t<\/div>\n\t\t\t\t\t<\/div>\n\t\t\t\t<\/div>\n\t\t\t\t<section class=\"wd-negative-gap elementor-section elementor-top-section elementor-element elementor-element-6db2c9ab elementor-section-content-middle elementor-section-boxed elementor-section-height-default elementor-section-height-default\" data-id=\"6db2c9ab\" data-element_type=\"section\" data-e-type=\"section\">\n\t\t\t\t\t\t<div class=\"elementor-container elementor-column-gap-default\">\n\t\t\t\t\t<div class=\"elementor-column elementor-col-33 elementor-top-column elementor-element elementor-element-0dec905\" data-id=\"0dec905\" data-element_type=\"column\" data-e-type=\"column\">\n\t\t\t<div class=\"elementor-widget-wrap elementor-element-populated\">\n\t\t\t\t\t\t<div class=\"elementor-element elementor-element-4f3e8dd elementor-widget elementor-widget-spacer\" data-id=\"4f3e8dd\" data-element_type=\"widget\" data-e-type=\"widget\" data-widget_type=\"spacer.default\">\n\t\t\t\t<div class=\"elementor-widget-container\">\n\t\t\t\t\t\t\t<div class=\"elementor-spacer\">\n\t\t\t<div class=\"elementor-spacer-inner\"><\/div>\n\t\t<\/div>\n\t\t\t\t\t\t<\/div>\n\t\t\t\t<\/div>\n\t\t\t\t\t<\/div>\n\t\t<\/div>\n\t\t\t\t<div class=\"elementor-column elementor-col-33 elementor-top-column elementor-element elementor-element-74e7006\" data-id=\"74e7006\" data-element_type=\"column\" data-e-type=\"column\">\n\t\t\t<div class=\"elementor-widget-wrap elementor-element-populated\">\n\t\t\t\t\t\t<div class=\"elementor-element elementor-element-0dfdb46 elementor-widget__width-initial elementor-widget elementor-widget-wd_text_block\" data-id=\"0dfdb46\" data-element_type=\"widget\" data-e-type=\"widget\" data-widget_type=\"wd_text_block.default\">\n\t\t\t\t<div class=\"elementor-widget-container\">\n\t\t\t\t\t\t\t<div class=\"wd-text-block reset-last-child text-left\">\n\t\t\t\n\t\t\t<p data-line=\"10\">El\u00a0<strong>aceite de CBD caballos<\/strong>\u00a0EquineX no es solo un suplemento; es la respuesta natural para restaurar la vitalidad, la movilidad y el confort de tu animal.<\/p><p data-line=\"12\">Con una potencia excepcional de 7500mg (25%), este\u00a0<strong>aceite de CBD equino<\/strong>\u00a0de alta concentraci\u00f3n fue desarrollado espec\u00edficamente para la compleja fisiolog\u00eda y el sistema endocannabinoide de los grandes equinos (50kg a 1000kg).<\/p><p data-line=\"14\">Para garantizar la m\u00e1xima absorci\u00f3n y resultados r\u00e1pidos, hemos combinado nuestro extracto puro para crear el aceite de CBD para caballos de mayor calidad del mercado, utilizando aceite de semilla de c\u00e1\u00f1amo org\u00e1nico prensado en fr\u00edo como base premium. Esto no solo act\u00faa como el veh\u00edculo portador perfecto, sino que tambi\u00e9n es rico en Omegas 3 y 6, promoviendo un pelaje brillante y una excelente salud cardiovascular.<\/p><p data-line=\"16\">\u00bfPor qu\u00e9 elegir nuestra formulaci\u00f3n avanzada de\u00a0<strong>CBD para equinos<\/strong>?<\/p><ul data-line=\"18\"><li data-line=\"18\">\ud83c\udf3f\u00a0<strong>Alivio Articular Profundo:<\/strong>\u00a0Reduce las molestias y la rigidez muscular, permitiendo que los caballos mayores o en fase de recuperaci\u00f3n se muevan con mayor libertad y amplitud de movimiento.<\/li><li data-line=\"19\">\ud83d\udc34\u00a0<strong>Control del Estr\u00e9s y la Ansiedad:<\/strong>\u00a0Una soluci\u00f3n natural para calmar a tu caballo durante el transporte, competiciones, cambios de entorno o ruidos fuertes, sin comprometer su nivel de concentraci\u00f3n.<\/li><li data-line=\"20\">\ud83d\udee1\ufe0f\u00a0<strong>100% Seguro y Sin Efecto Dopaje:<\/strong>\u00a0Nuestra garant\u00eda Cero THC asegura que el animal no experimente ning\u00fan efecto psicoactivo. Totalmente seguro para el uso diario en caballos de deporte, competici\u00f3n o paseo.<\/li><li data-line=\"21\">\ud83c\udfaf\u00a0<strong>Acci\u00f3n R\u00e1pida y Eficaz:<\/strong>\u00a0Su formulaci\u00f3n l\u00edquida, aplicada mediante nuestra jeringa dosificadora de precisi\u00f3n, garantiza cero desperdicio y una tasa de absorci\u00f3n en el organismo mucho m\u00e1s r\u00e1pida y efectiva que los cl\u00e1sicos suplementos s\u00f3lidos.<\/li><\/ul><p data-line=\"23\">Dale a tu caballo el cuidado premium que se merece. Si est\u00e1s buscando\u00a0<strong>comprar aceite de CBD para caballos<\/strong>\u00a0que ofrezca resultados reales, EquineX es la elecci\u00f3n ideal para aquellos propietarios que rechazan los qu\u00edmicos agresivos y conf\u00edan en el poder comprobado de la naturaleza para el bienestar equino total.<\/p>\n\t\t\t\t\t<\/div>\n\t\t\t\t\t\t<\/div>\n\t\t\t\t<\/div>\n\t\t\t\t\t<\/div>\n\t\t<\/div>\n\t\t\t\t<div class=\"elementor-column elementor-col-33 elementor-top-column elementor-element elementor-element-cb051fd\" data-id=\"cb051fd\" data-element_type=\"column\" data-e-type=\"column\">\n\t\t\t<div class=\"elementor-widget-wrap elementor-element-populated\">\n\t\t\t\t\t\t<div class=\"elementor-element elementor-element-270533b elementor-widget elementor-widget-image\" data-id=\"270533b\" data-element_type=\"widget\" data-e-type=\"widget\" data-widget_type=\"image.default\">\n\t\t\t\t<div class=\"elementor-widget-container\">\n\t\t\t\t\t\t\t\t\t\t\t\t\t\t\t<img loading=\"lazy\" decoding=\"async\" width=\"400\" height=\"298\" src=\"https:\/\/sulisluna.com\/wp-content\/themes\/woodmart\/images\/lazy.svg\" class=\"attachment-medium size-medium wp-image-38930 wd-lazy-fade\" alt=\"Mujer abrazando con cari\u00f1o a su caballo casta\u00f1o en un campo al atardecer. El caballo muestra una profunda calma, bienestar y ausencia de estr\u00e9s, reflejando los beneficios naturales del aceite de CBD para caballos.\" srcset=\"\" sizes=\"auto, (max-width: 400px) 100vw, 400px\" data-src=\"https:\/\/sulisluna.com\/wp-content\/uploads\/caballo-calmado-sin-estres-aceite-cbd-equinos-400x298.webp\" data-srcset=\"https:\/\/sulisluna.com\/wp-content\/uploads\/caballo-calmado-sin-estres-aceite-cbd-equinos-400x298.webp 400w, https:\/\/sulisluna.com\/wp-content\/uploads\/caballo-calmado-sin-estres-aceite-cbd-equinos-430x321.webp 430w, https:\/\/sulisluna.com\/wp-content\/uploads\/caballo-calmado-sin-estres-aceite-cbd-equinos-150x112.webp 150w, https:\/\/sulisluna.com\/wp-content\/uploads\/caballo-calmado-sin-estres-aceite-cbd-equinos.webp 500w\" title=\"\">\t\t\t\t\t\t\t\t\t\t\t\t\t\t\t<\/div>\n\t\t\t\t<\/div>\n\t\t\t\t\t<\/div>\n\t\t<\/div>\n\t\t\t\t\t<\/div>\n\t\t<\/section>\n\t\t\t\t<\/div>\n\t\t","protected":false},"excerpt":{"rendered":"<p>El CBD para caballos EquineX 7500mg ha sido desarrollado para apoyar la salud articular, la movilidad y la recuperaci\u00f3n. Esta f\u00f3rmula ecuestre de alta potencia ayuda a reducir la rigidez, mejorar el movimiento y favorecer el bienestar general del caballo. Adecuado para caballos de 50 kg a 1000 kg.<\/p>\n<div style=\"margin: 22px 0 26px 0;\">\n<p style=\"margin: 0 0 6px 0; font-size: 20px; font-weight: bold; line-height: 1.3; color: #1f1f1f;\">C\u00f3mo administrar el aceite de CBD de forma segura<\/p>\n<p style=\"margin: 0 0 12px 0; font-size: 14px; line-height: 1.5; color: #555;\">Seguro, sencillo y sin estr\u00e9s, tanto para ti como para tu caballo<\/p>\n<p><video style=\"width: 100%; max-width: 380px; border-radius: 12px; display: block; margin: 0 auto;\" poster=\"https:\/\/sulisluna.com\/wp-content\/uploads\/how-to-use-cbd-oil-for-horses-dosing-syringe-equine.webp\" preload=\"none\" controls=\"controls\" width=\"300\" height=\"200\" aria-label=\"Aplicaci\u00f3n segura de CBD EquineX para caballos con jeringa oral sin aguja\"><source src=\"https:\/\/sulisluna.com\/Videos\/video-equinex-dosis-horse.webm\" type=\"video\/webm\" \/>Tu navegador no admite la etiqueta de v\u00eddeo.<\/video><\/p>\n<p style=\"margin: 16px 0 0 0; font-size: 14px; line-height: 1.6; color: #333; font-weight: 500;\">Aplica el aceite de CBD suavemente en el lateral de la boca de tu caballo utilizando la jeringa oral (sin aguja).<\/p>\n<ul style=\"margin: 10px 0 0 0; padding: 0; list-style: none; font-size: 14px; color: #333; line-height: 1.8;\">\n<li><strong><span style=\"color: #008c4b;\">\u2714<\/span><\/strong> Sin aguja \u2013 uso oral seguro<\/li>\n<li><strong><span style=\"color: #008c4b;\">\u2714<\/span><\/strong> R\u00e1pido y f\u00e1cil de administrar<\/li>\n<li><strong><span style=\"color: #008c4b;\">\u2714<\/span><\/strong> Adecuado para el apoyo diario de la movilidad<\/li>\n<\/ul>\n<p style=\"margin: 12px 0 0 0; font-size: 14px; line-height: 1.6; color: #555;\">Ideal para caballos que necesitan apoyo articular, recuperaci\u00f3n y una mejor movilidad.<\/p>\n<p style=\"margin: 20px 0 0 0; font-size: 15px; font-weight: bold; color: #1f1f1f;\">Dale a tu caballo el apoyo para la movilidad que se merece<\/p>\n<div style=\"margin: 18px 0 0 0; text-align: center;\">\n<p style=\"margin: 0 0 10px 0; font-size: 14px; font-weight: 600; color: #2e7d32;\">Calidad, Seguranza e Confianza para Tu Caballo<\/p>\n<p><img decoding=\"async\" style=\"max-width: 420px; width: 100%; display: block; margin: 0 auto; border-radius: 10px;\" src=\"https:\/\/sulisluna.com\/wp-content\/uploads\/icons-vet-friendly-1-1-1.webp\" alt=\"CBD para caballos: 100% natural, sin THC, testado en laboratorio y apto para uso veterinario\" \/><\/p>\n<\/div>\n<\/div>\n","protected":false},"featured_media":38604,"comment_status":"open","ping_status":"closed","template":"","meta":[],"product_brand":[],"product_cat":[353],"product_tag":[420],"class_list":{"0":"post-33757","1":"product","2":"type-product","3":"status-publish","4":"has-post-thumbnail","6":"product_cat-sulispet-es","7":"product_tag-en_equinex-es","8":"pa_size_cbd_oil-30-ml-es","10":"first","11":"instock","12":"shipping-taxable","13":"purchasable","14":"product-type-simple"},"_links":{"self":[{"href":"https:\/\/sulisluna.com\/es\/wp-json\/wp\/v2\/product\/33757","targetHints":{"allow":["GET"]}}],"collection":[{"href":"https:\/\/sulisluna.com\/es\/wp-json\/wp\/v2\/product"}],"about":[{"href":"https:\/\/sulisluna.com\/es\/wp-json\/wp\/v2\/types\/product"}],"replies":[{"embeddable":true,"href":"https:\/\/sulisluna.com\/es\/wp-json\/wp\/v2\/comments?post=33757"}],"version-history":[{"count":39,"href":"https:\/\/sulisluna.com\/es\/wp-json\/wp\/v2\/product\/33757\/revisions"}],"predecessor-version":[{"id":39749,"href":"https:\/\/sulisluna.com\/es\/wp-json\/wp\/v2\/product\/33757\/revisions\/39749"}],"wp:featuredmedia":[{"embeddable":true,"href":"https:\/\/sulisluna.com\/es\/wp-json\/wp\/v2\/media\/38604"}],"wp:attachment":[{"href":"https:\/\/sulisluna.com\/es\/wp-json\/wp\/v2\/media?parent=33757"}],"wp:term":[{"taxonomy":"product_brand","embeddable":true,"href":"https:\/\/sulisluna.com\/es\/wp-json\/wp\/v2\/product_brand?post=33757"},{"taxonomy":"product_cat","embeddable":true,"href":"https:\/\/sulisluna.com\/es\/wp-json\/wp\/v2\/product_cat?post=33757"},{"taxonomy":"product_tag","embeddable":true,"href":"https:\/\/sulisluna.com\/es\/wp-json\/wp\/v2\/product_tag?post=33757"}],"curies":[{"name":"wp","href":"https:\/\/api.w.org\/{rel}","templated":true}]}}