{"id":24616,"date":"2023-08-06T23:42:16","date_gmt":"2023-08-06T22:42:16","guid":{"rendered":"https:\/\/sulisluna.com\/product\/flex-com-cbd-relaxante-muscular\/"},"modified":"2025-08-23T18:51:29","modified_gmt":"2025-08-23T17:51:29","slug":"flex-com-cbd-relaxante-muscular","status":"publish","type":"product","link":"https:\/\/sulisluna.com\/pt-pt\/produto\/flex-com-cbd-relaxante-muscular\/","title":{"rendered":"FLEX com CBD &#8211; Relaxante Muscular"},"content":{"rendered":"\t\t<div data-elementor-type=\"wp-post\" data-elementor-id=\"24616\" class=\"elementor elementor-24616 elementor-17346\" data-elementor-post-type=\"product\">\n\t\t\t\t<div class=\"wd-negative-gap elementor-element elementor-element-47f0fdd e-flex e-con-boxed e-con e-parent\" data-id=\"47f0fdd\" data-element_type=\"container\" data-e-type=\"container\">\n\t\t\t\t\t<div class=\"e-con-inner\">\n\t\t\t\t<div class=\"elementor-element elementor-element-9343bdc elementor-widget elementor-widget-heading\" data-id=\"9343bdc\" data-element_type=\"widget\" data-e-type=\"widget\" data-widget_type=\"heading.default\">\n\t\t\t\t<div class=\"elementor-widget-container\">\n\t\t\t\t\t<h3 class=\"elementor-heading-title elementor-size-default\">FLEX com CBD - Relaxante Muscular<\/h3>\t\t\t\t<\/div>\n\t\t\t\t<\/div>\n\t\t\t\t\t<\/div>\n\t\t\t\t<\/div>\n\t\t\t\t<section class=\"wd-negative-gap elementor-section elementor-top-section elementor-element elementor-element-6db2c9ab elementor-section-boxed elementor-section-height-default elementor-section-height-default\" data-id=\"6db2c9ab\" data-element_type=\"section\" data-e-type=\"section\">\n\t\t\t\t\t\t<div class=\"elementor-container elementor-column-gap-default\">\n\t\t\t\t\t<div class=\"elementor-column elementor-col-33 elementor-top-column elementor-element elementor-element-0dec905\" data-id=\"0dec905\" data-element_type=\"column\" data-e-type=\"column\">\n\t\t\t<div class=\"elementor-widget-wrap elementor-element-populated\">\n\t\t\t\t\t\t<div class=\"elementor-element elementor-element-4f3e8dd elementor-widget elementor-widget-spacer\" data-id=\"4f3e8dd\" data-element_type=\"widget\" data-e-type=\"widget\" data-widget_type=\"spacer.default\">\n\t\t\t\t<div class=\"elementor-widget-container\">\n\t\t\t\t\t\t\t<div class=\"elementor-spacer\">\n\t\t\t<div class=\"elementor-spacer-inner\"><\/div>\n\t\t<\/div>\n\t\t\t\t\t\t<\/div>\n\t\t\t\t<\/div>\n\t\t\t\t\t<\/div>\n\t\t<\/div>\n\t\t\t\t<div class=\"elementor-column elementor-col-33 elementor-top-column elementor-element elementor-element-74e7006\" data-id=\"74e7006\" data-element_type=\"column\" data-e-type=\"column\">\n\t\t\t<div class=\"elementor-widget-wrap elementor-element-populated\">\n\t\t\t\t\t\t<div class=\"elementor-element elementor-element-0dfdb46 elementor-widget__width-initial elementor-widget elementor-widget-wd_text_block\" data-id=\"0dfdb46\" data-element_type=\"widget\" data-e-type=\"widget\" data-widget_type=\"wd_text_block.default\">\n\t\t\t\t<div class=\"elementor-widget-container\">\n\t\t\t\t\t\t\t<div class=\"wd-text-block reset-last-child text-left\">\n\t\t\t\n\t\t\t<p>O FLEX com CBD - Relaxante Muscular, \u00e9 composto CBD, \u00f3leo org\u00e2nico\/Bio de sementes de c\u00e2nhamo de 1\u00aa press\u00e3o a frio e uma formula\u00e7\u00e3o especial de \u00f3leos essenciais.<\/p><p>O FLEX \u00e9 um excelente produto para todos os problemas relacionados com as articula\u00e7\u00f5es e os m\u00fasculos, aumentanto a imunidade sist\u00e9mica do nosso corpo. \u00c9 perfeito para pessoas que procuram uma forma natural de melhorar a sua sa\u00fade e bem-estar.<\/p>\n\t\t\t\t\t<\/div>\n\t\t\t\t\t\t<\/div>\n\t\t\t\t<\/div>\n\t\t\t\t\t<\/div>\n\t\t<\/div>\n\t\t\t\t<div class=\"elementor-column elementor-col-33 elementor-top-column elementor-element elementor-element-cb051fd\" data-id=\"cb051fd\" data-element_type=\"column\" data-e-type=\"column\">\n\t\t\t<div class=\"elementor-widget-wrap elementor-element-populated\">\n\t\t\t\t\t\t<div class=\"elementor-element elementor-element-270533b elementor-widget elementor-widget-image\" data-id=\"270533b\" data-element_type=\"widget\" data-e-type=\"widget\" data-widget_type=\"image.default\">\n\t\t\t\t<div class=\"elementor-widget-container\">\n\t\t\t\t\t\t\t\t\t\t\t\t\t\t\t<img loading=\"lazy\" decoding=\"async\" width=\"150\" height=\"150\" src=\"https:\/\/sulisluna.com\/wp-content\/themes\/woodmart\/images\/lazy.svg\" class=\"attachment-thumbnail size-thumbnail wp-image-24619 wd-lazy-fade\" alt=\"relaxante muscular\" data-src=\"https:\/\/sulisluna.com\/wp-content\/uploads\/relaxante-muscular-150x150.webp\" srcset=\"\" title=\"\">\t\t\t\t\t\t\t\t\t\t\t\t\t\t\t<\/div>\n\t\t\t\t<\/div>\n\t\t\t\t\t<\/div>\n\t\t<\/div>\n\t\t\t\t\t<\/div>\n\t\t<\/section>\n\t\t\t\t<\/div>\n\t\t","protected":false},"excerpt":{"rendered":"<p><em>&#8220;O melhor produto que encontrei at\u00e9 hoje para uma alto desempenho prologando e cont\u00ednuo&#8221;<\/em><\/p>\n","protected":false},"featured_media":19304,"comment_status":"open","ping_status":"closed","template":"","meta":[],"product_brand":[],"product_cat":[207],"product_tag":[212],"class_list":{"0":"post-24616","1":"product","2":"type-product","3":"status-publish","4":"has-post-thumbnail","6":"product_cat-signature-blends-solucoes","7":"product_tag-pt_sb_flexcbd","8":"pa_flavours-canela","9":"pa_flavours-hortela-pimenta","10":"pa_flavours-limao","11":"pa_flavours-natural-pt-pt","12":"pa_size_cbd_oil-30-ml","14":"first","15":"instock","16":"shipping-taxable","17":"purchasable","18":"product-type-simple"},"_links":{"self":[{"href":"https:\/\/sulisluna.com\/pt-pt\/wp-json\/wp\/v2\/product\/24616","targetHints":{"allow":["GET"]}}],"collection":[{"href":"https:\/\/sulisluna.com\/pt-pt\/wp-json\/wp\/v2\/product"}],"about":[{"href":"https:\/\/sulisluna.com\/pt-pt\/wp-json\/wp\/v2\/types\/product"}],"replies":[{"embeddable":true,"href":"https:\/\/sulisluna.com\/pt-pt\/wp-json\/wp\/v2\/comments?post=24616"}],"version-history":[{"count":0,"href":"https:\/\/sulisluna.com\/pt-pt\/wp-json\/wp\/v2\/product\/24616\/revisions"}],"wp:featuredmedia":[{"embeddable":true,"href":"https:\/\/sulisluna.com\/pt-pt\/wp-json\/wp\/v2\/media\/19304"}],"wp:attachment":[{"href":"https:\/\/sulisluna.com\/pt-pt\/wp-json\/wp\/v2\/media?parent=24616"}],"wp:term":[{"taxonomy":"product_brand","embeddable":true,"href":"https:\/\/sulisluna.com\/pt-pt\/wp-json\/wp\/v2\/product_brand?post=24616"},{"taxonomy":"product_cat","embeddable":true,"href":"https:\/\/sulisluna.com\/pt-pt\/wp-json\/wp\/v2\/product_cat?post=24616"},{"taxonomy":"product_tag","embeddable":true,"href":"https:\/\/sulisluna.com\/pt-pt\/wp-json\/wp\/v2\/product_tag?post=24616"}],"curies":[{"name":"wp","href":"https:\/\/api.w.org\/{rel}","templated":true}]}}