{"id":25003,"date":"2023-08-04T21:59:02","date_gmt":"2023-08-04T20:59:02","guid":{"rendered":"https:\/\/sulisluna.com\/product\/pet-oleo-cbd-15-1500mg\/"},"modified":"2025-08-23T17:56:45","modified_gmt":"2025-08-23T16:56:45","slug":"pet-oleo-cbd-15-premium","status":"publish","type":"product","link":"https:\/\/sulisluna.com\/pt-pt\/produto\/pet-oleo-cbd-15-premium\/","title":{"rendered":"Pet \u00d3leo CBD 15% (1500mg)"},"content":{"rendered":"\t\t<div data-elementor-type=\"wp-post\" data-elementor-id=\"25003\" class=\"elementor elementor-25003 elementor-17015\" data-elementor-post-type=\"product\">\n\t\t\t\t<div class=\"wd-negative-gap elementor-element elementor-element-47f0fdd e-flex e-con-boxed e-con e-parent\" data-id=\"47f0fdd\" data-element_type=\"container\" data-e-type=\"container\">\n\t\t\t\t\t<div class=\"e-con-inner\">\n\t\t\t\t<div class=\"elementor-element elementor-element-9343bdc elementor-widget elementor-widget-heading\" data-id=\"9343bdc\" data-element_type=\"widget\" data-e-type=\"widget\" data-widget_type=\"heading.default\">\n\t\t\t\t<div class=\"elementor-widget-container\">\n\t\t\t\t\t<h2 class=\"elementor-heading-title elementor-size-default\">Pet \u00d3leo CBD 15% (1500mg)<\/h2>\t\t\t\t<\/div>\n\t\t\t\t<\/div>\n\t\t\t\t\t<\/div>\n\t\t\t\t<\/div>\n\t\t\t\t<section class=\"wd-negative-gap elementor-section elementor-top-section elementor-element elementor-element-6db2c9ab elementor-section-boxed elementor-section-height-default elementor-section-height-default\" data-id=\"6db2c9ab\" data-element_type=\"section\" data-e-type=\"section\">\n\t\t\t\t\t\t<div class=\"elementor-container elementor-column-gap-default\">\n\t\t\t\t\t<div class=\"elementor-column elementor-col-33 elementor-top-column elementor-element elementor-element-0dec905\" data-id=\"0dec905\" data-element_type=\"column\" data-e-type=\"column\">\n\t\t\t<div class=\"elementor-widget-wrap elementor-element-populated\">\n\t\t\t\t\t\t<div class=\"elementor-element elementor-element-4f3e8dd elementor-widget elementor-widget-spacer\" data-id=\"4f3e8dd\" data-element_type=\"widget\" data-e-type=\"widget\" data-widget_type=\"spacer.default\">\n\t\t\t\t<div class=\"elementor-widget-container\">\n\t\t\t\t\t\t\t<div class=\"elementor-spacer\">\n\t\t\t<div class=\"elementor-spacer-inner\"><\/div>\n\t\t<\/div>\n\t\t\t\t\t\t<\/div>\n\t\t\t\t<\/div>\n\t\t\t\t\t<\/div>\n\t\t<\/div>\n\t\t\t\t<div class=\"elementor-column elementor-col-33 elementor-top-column elementor-element elementor-element-74e7006\" data-id=\"74e7006\" data-element_type=\"column\" data-e-type=\"column\">\n\t\t\t<div class=\"elementor-widget-wrap elementor-element-populated\">\n\t\t\t\t\t\t<div class=\"elementor-element elementor-element-0dfdb46 elementor-widget__width-initial elementor-widget elementor-widget-wd_text_block\" data-id=\"0dfdb46\" data-element_type=\"widget\" data-e-type=\"widget\" data-widget_type=\"wd_text_block.default\">\n\t\t\t\t<div class=\"elementor-widget-container\">\n\t\t\t\t\t\t\t<div class=\"wd-text-block reset-last-child text-left\">\n\t\t\t\n\t\t\t<p>O nosso Pet \u00f3leo CBD 15% (1500mg) \u00e9 composto por \u00f3leo de sementes de c\u00e2nhamo org\u00e2nico de 1\u00aa press\u00e3o a frio, extrato de planta de c\u00e2nhamo (CBD 1500 mg) e uma formula\u00e7\u00e3o especial de terpenos da planta de cannabis para animais de estima\u00e7\u00e3o.<\/p><p>O nosso Pet \u00f3leo CBD 15% SulisPet \u00e9 uma excelente maneira para seu animal de estima\u00e7\u00e3o experimentar os benef\u00edcios do CBD. \u00c9 perfeito para quem procura uma forma natural de melhorar a sa\u00fade e o bem-estar do seu animal de estima\u00e7\u00e3o.<\/p>\n\t\t\t\t\t<\/div>\n\t\t\t\t\t\t<\/div>\n\t\t\t\t<\/div>\n\t\t\t\t\t<\/div>\n\t\t<\/div>\n\t\t\t\t<div class=\"elementor-column elementor-col-33 elementor-top-column elementor-element elementor-element-cb051fd\" data-id=\"cb051fd\" data-element_type=\"column\" data-e-type=\"column\">\n\t\t\t<div class=\"elementor-widget-wrap elementor-element-populated\">\n\t\t\t\t\t\t<div class=\"elementor-element elementor-element-270533b elementor-widget elementor-widget-image\" data-id=\"270533b\" data-element_type=\"widget\" data-e-type=\"widget\" data-widget_type=\"image.default\">\n\t\t\t\t<div class=\"elementor-widget-container\">\n\t\t\t\t\t\t\t\t\t\t\t\t\t\t\t<img loading=\"lazy\" decoding=\"async\" width=\"150\" height=\"150\" src=\"https:\/\/sulisluna.com\/wp-content\/themes\/woodmart\/images\/lazy.svg\" class=\"attachment-thumbnail size-thumbnail wp-image-25006 wd-lazy-fade\" alt=\"pet oleo cbd 15%\" srcset=\"\" sizes=\"auto, (max-width: 150px) 100vw, 150px\" data-src=\"https:\/\/sulisluna.com\/wp-content\/uploads\/pet-oleo-cbd-15-150x150.webp\" data-srcset=\"https:\/\/sulisluna.com\/wp-content\/uploads\/pet-oleo-cbd-15-150x150.webp 150w, https:\/\/sulisluna.com\/wp-content\/uploads\/pet-oleo-cbd-15.webp 300w\" title=\"\">\t\t\t\t\t\t\t\t\t\t\t\t\t\t\t<\/div>\n\t\t\t\t<\/div>\n\t\t\t\t\t<\/div>\n\t\t<\/div>\n\t\t\t\t\t<\/div>\n\t\t<\/section>\n\t\t\t\t<\/div>\n\t\t","protected":false},"excerpt":{"rendered":"<p><em>&#8220;Excelente para o meu Blue que \u00e9 bem pesado!&#8221;<\/em><\/p>\n","protected":false},"featured_media":18686,"comment_status":"open","ping_status":"closed","template":"","meta":[],"product_brand":[],"product_cat":[222],"product_tag":[227],"class_list":{"0":"post-25003","1":"product","2":"type-product","3":"status-publish","4":"has-post-thumbnail","6":"product_cat-sulispet-gotas-de-bem-estar","7":"product_tag-pt_sp_cbd1500","8":"pa_flavours-canela","9":"pa_flavours-hortela-pimenta","10":"pa_flavours-limao","11":"pa_flavours-natural-pt-pt","12":"pa_size_cbd_oil-10-ml","14":"first","15":"instock","16":"shipping-taxable","17":"purchasable","18":"product-type-simple"},"_links":{"self":[{"href":"https:\/\/sulisluna.com\/pt-pt\/wp-json\/wp\/v2\/product\/25003","targetHints":{"allow":["GET"]}}],"collection":[{"href":"https:\/\/sulisluna.com\/pt-pt\/wp-json\/wp\/v2\/product"}],"about":[{"href":"https:\/\/sulisluna.com\/pt-pt\/wp-json\/wp\/v2\/types\/product"}],"replies":[{"embeddable":true,"href":"https:\/\/sulisluna.com\/pt-pt\/wp-json\/wp\/v2\/comments?post=25003"}],"version-history":[{"count":0,"href":"https:\/\/sulisluna.com\/pt-pt\/wp-json\/wp\/v2\/product\/25003\/revisions"}],"wp:featuredmedia":[{"embeddable":true,"href":"https:\/\/sulisluna.com\/pt-pt\/wp-json\/wp\/v2\/media\/18686"}],"wp:attachment":[{"href":"https:\/\/sulisluna.com\/pt-pt\/wp-json\/wp\/v2\/media?parent=25003"}],"wp:term":[{"taxonomy":"product_brand","embeddable":true,"href":"https:\/\/sulisluna.com\/pt-pt\/wp-json\/wp\/v2\/product_brand?post=25003"},{"taxonomy":"product_cat","embeddable":true,"href":"https:\/\/sulisluna.com\/pt-pt\/wp-json\/wp\/v2\/product_cat?post=25003"},{"taxonomy":"product_tag","embeddable":true,"href":"https:\/\/sulisluna.com\/pt-pt\/wp-json\/wp\/v2\/product_tag?post=25003"}],"curies":[{"name":"wp","href":"https:\/\/api.w.org\/{rel}","templated":true}]}}