{"id":25515,"date":"2023-08-07T00:46:04","date_gmt":"2023-08-06T23:46:04","guid":{"rendered":"https:\/\/sulisluna.com\/product\/pack-natural-insonia\/"},"modified":"2025-08-23T16:25:26","modified_gmt":"2025-08-23T15:25:26","slug":"pack-natural-insonia","status":"publish","type":"product","link":"https:\/\/sulisluna.com\/pt-pt\/produto\/pack-natural-insonia\/","title":{"rendered":"Pack Natural Ins\u00f3nia"},"content":{"rendered":"\t\t<div data-elementor-type=\"wp-post\" data-elementor-id=\"25515\" class=\"elementor elementor-25515 elementor-17373\" data-elementor-post-type=\"product\">\n\t\t\t\t<div class=\"wd-negative-gap elementor-element elementor-element-47f0fdd e-flex e-con-boxed e-con e-parent\" data-id=\"47f0fdd\" data-element_type=\"container\" data-e-type=\"container\">\n\t\t\t\t\t<div class=\"e-con-inner\">\n\t\t\t\t<div class=\"elementor-element elementor-element-9343bdc elementor-widget elementor-widget-heading\" data-id=\"9343bdc\" data-element_type=\"widget\" data-e-type=\"widget\" data-widget_type=\"heading.default\">\n\t\t\t\t<div class=\"elementor-widget-container\">\n\t\t\t\t\t<h3 class=\"elementor-heading-title elementor-size-default\">Pack Natural Ins\u00f3nia<\/h3>\t\t\t\t<\/div>\n\t\t\t\t<\/div>\n\t\t\t\t\t<\/div>\n\t\t\t\t<\/div>\n\t\t\t\t<section class=\"wd-negative-gap elementor-section elementor-top-section elementor-element elementor-element-6db2c9ab elementor-section-boxed elementor-section-height-default elementor-section-height-default\" data-id=\"6db2c9ab\" data-element_type=\"section\" data-e-type=\"section\">\n\t\t\t\t\t\t<div class=\"elementor-container elementor-column-gap-default\">\n\t\t\t\t\t<div class=\"elementor-column elementor-col-33 elementor-top-column elementor-element elementor-element-0dec905\" data-id=\"0dec905\" data-element_type=\"column\" data-e-type=\"column\">\n\t\t\t<div class=\"elementor-widget-wrap elementor-element-populated\">\n\t\t\t\t\t\t<div class=\"elementor-element elementor-element-4f3e8dd elementor-widget elementor-widget-spacer\" data-id=\"4f3e8dd\" data-element_type=\"widget\" data-e-type=\"widget\" data-widget_type=\"spacer.default\">\n\t\t\t\t<div class=\"elementor-widget-container\">\n\t\t\t\t\t\t\t<div class=\"elementor-spacer\">\n\t\t\t<div class=\"elementor-spacer-inner\"><\/div>\n\t\t<\/div>\n\t\t\t\t\t\t<\/div>\n\t\t\t\t<\/div>\n\t\t\t\t\t<\/div>\n\t\t<\/div>\n\t\t\t\t<div class=\"elementor-column elementor-col-33 elementor-top-column elementor-element elementor-element-74e7006\" data-id=\"74e7006\" data-element_type=\"column\" data-e-type=\"column\">\n\t\t\t<div class=\"elementor-widget-wrap elementor-element-populated\">\n\t\t\t\t\t\t<div class=\"elementor-element elementor-element-0dfdb46 elementor-widget__width-initial elementor-widget elementor-widget-wd_text_block\" data-id=\"0dfdb46\" data-element_type=\"widget\" data-e-type=\"widget\" data-widget_type=\"wd_text_block.default\">\n\t\t\t\t<div class=\"elementor-widget-container\">\n\t\t\t\t\t\t\t<div class=\"wd-text-block reset-last-child text-left\">\n\t\t\t\n\t\t\t<p>Pack Natural Ins\u00f3nia combina 2 produtos: ARIANRHOD (30 ml) e \u00f3leo CBD de 5% (10 ml).<\/p><p>ARIANRHOD \u00e9 um produto de ess\u00eancias minerais naturais combinadas com antigas receitas alqu\u00edmicas com \u00e1gua informada que atua nos n\u00edveis mental e emocional.<\/p><p><span style=\"font-size: 16px; letter-spacing: 0px; background-color: var(--bgcolor-white); color: var(--wd-text-color);\">O nosso \u00f3leo de CBD 5% \u00e9 composto de uma mistura de \u00f3leo de sementes de c\u00e2nhamo org\u00e2nico de 1\u00aa press\u00e3o a frio, extrato de c\u00e2nhamo vegetal CBD 500 mg e terpenos da planta can\u00e1bis.<\/span><\/p><p>Este pack natural ins\u00f3nia com CBD foi concebido para desequil\u00edbrios relacionados com certas manifesta\u00e7\u00f5es mentais, emocionais e f\u00edsicas de ins\u00f3nia e as suas manifesta\u00e7\u00f5es, tais como, dist\u00farbios do sono, dificuldade para dormir e acordar v\u00e1rias vezes durante a noite.<\/p><p>A recomenda\u00e7\u00e3o habitual \u00e9 tomar ARIANRHOD 16 gotas di\u00e1rias: 6 da manh\u00e3 e 10 ao deitar. O melhor \u00e9 diluir as gotas num copo de \u00e1gua (aproximadamente 50 ml a 150 ml).<\/p><p>O \u00f3leo CBD \u00e9 cerca de 4 a 6 gotas durante\/ap\u00f3s as duas refei\u00e7\u00f5es principais para pessoas pesando entre 50 kg e 99 kg.<\/p>\n\t\t\t\t\t<\/div>\n\t\t\t\t\t\t<\/div>\n\t\t\t\t<\/div>\n\t\t\t\t\t<\/div>\n\t\t<\/div>\n\t\t\t\t<div class=\"elementor-column elementor-col-33 elementor-top-column elementor-element elementor-element-cb051fd\" data-id=\"cb051fd\" data-element_type=\"column\" data-e-type=\"column\">\n\t\t\t<div class=\"elementor-widget-wrap elementor-element-populated\">\n\t\t\t\t\t\t<div class=\"elementor-element elementor-element-270533b elementor-widget elementor-widget-image\" data-id=\"270533b\" data-element_type=\"widget\" data-e-type=\"widget\" data-widget_type=\"image.default\">\n\t\t\t\t<div class=\"elementor-widget-container\">\n\t\t\t\t\t\t\t\t\t\t\t\t\t\t\t<img loading=\"lazy\" decoding=\"async\" width=\"253\" height=\"300\" src=\"https:\/\/sulisluna.com\/wp-content\/themes\/woodmart\/images\/lazy.svg\" class=\"attachment-medium size-medium wp-image-25525 wd-lazy-fade\" alt=\"natural insonia\" srcset=\"\" sizes=\"auto, (max-width: 253px) 100vw, 253px\" data-src=\"https:\/\/sulisluna.com\/wp-content\/uploads\/natural-insonia-253x300.webp\" data-srcset=\"https:\/\/sulisluna.com\/wp-content\/uploads\/natural-insonia-253x300.webp 253w, https:\/\/sulisluna.com\/wp-content\/uploads\/natural-insonia-150x178.webp 150w, https:\/\/sulisluna.com\/wp-content\/uploads\/natural-insonia.webp 400w\" title=\"\">\t\t\t\t\t\t\t\t\t\t\t\t\t\t\t<\/div>\n\t\t\t\t<\/div>\n\t\t\t\t\t<\/div>\n\t\t<\/div>\n\t\t\t\t\t<\/div>\n\t\t<\/section>\n\t\t\t\t<\/div>\n\t\t","protected":false},"excerpt":{"rendered":"<p><em>&#8220;Passadas 2 semanas, noto que tenho um sono mais profundo e regenerador.&#8221;<\/em><\/p>\n","protected":false},"featured_media":19322,"comment_status":"open","ping_status":"closed","template":"","meta":[],"product_brand":[],"product_cat":[243],"product_tag":[248],"class_list":{"0":"post-25515","1":"product","2":"type-product","3":"status-publish","4":"has-post-thumbnail","6":"product_cat-packs-pt","7":"product_tag-pt_sleeppack_cbd","8":"pa_flavours-canela","9":"pa_flavours-hortela-pimenta","10":"pa_flavours-limao","11":"pa_flavours-natural-pt-pt","12":"pa_size_cbd_oil-10-ml","13":"pa_size_cbd_oil-30-ml","15":"first","16":"instock","17":"shipping-taxable","18":"purchasable","19":"product-type-simple"},"_links":{"self":[{"href":"https:\/\/sulisluna.com\/pt-pt\/wp-json\/wp\/v2\/product\/25515","targetHints":{"allow":["GET"]}}],"collection":[{"href":"https:\/\/sulisluna.com\/pt-pt\/wp-json\/wp\/v2\/product"}],"about":[{"href":"https:\/\/sulisluna.com\/pt-pt\/wp-json\/wp\/v2\/types\/product"}],"replies":[{"embeddable":true,"href":"https:\/\/sulisluna.com\/pt-pt\/wp-json\/wp\/v2\/comments?post=25515"}],"version-history":[{"count":0,"href":"https:\/\/sulisluna.com\/pt-pt\/wp-json\/wp\/v2\/product\/25515\/revisions"}],"wp:featuredmedia":[{"embeddable":true,"href":"https:\/\/sulisluna.com\/pt-pt\/wp-json\/wp\/v2\/media\/19322"}],"wp:attachment":[{"href":"https:\/\/sulisluna.com\/pt-pt\/wp-json\/wp\/v2\/media?parent=25515"}],"wp:term":[{"taxonomy":"product_brand","embeddable":true,"href":"https:\/\/sulisluna.com\/pt-pt\/wp-json\/wp\/v2\/product_brand?post=25515"},{"taxonomy":"product_cat","embeddable":true,"href":"https:\/\/sulisluna.com\/pt-pt\/wp-json\/wp\/v2\/product_cat?post=25515"},{"taxonomy":"product_tag","embeddable":true,"href":"https:\/\/sulisluna.com\/pt-pt\/wp-json\/wp\/v2\/product_tag?post=25515"}],"curies":[{"name":"wp","href":"https:\/\/api.w.org\/{rel}","templated":true}]}}