{"id":39978,"date":"2026-04-08T15:03:51","date_gmt":"2026-04-08T14:03:51","guid":{"rendered":"https:\/\/sulisluna.com\/?post_type=product&#038;p=39978"},"modified":"2026-04-13T23:19:25","modified_gmt":"2026-04-13T22:19:25","slug":"oleo-cbd-para-articulacoes-allevia","status":"publish","type":"product","link":"https:\/\/sulisluna.com\/pt-pt\/produto\/oleo-cbd-para-articulacoes-allevia\/","title":{"rendered":"\u00d3leo CBD para Articula\u00e7\u00f5es | Curcuma &#038; Boswellia | Allevia"},"content":{"rendered":"\t\t<div data-elementor-type=\"wp-post\" data-elementor-id=\"39978\" class=\"elementor elementor-39978 elementor-39765\" data-elementor-post-type=\"product\">\n\t\t\t\t<div class=\"wd-negative-gap elementor-element elementor-element-47f0fdd e-flex e-con-boxed e-con e-parent\" data-id=\"47f0fdd\" data-element_type=\"container\" data-e-type=\"container\">\n\t\t\t\t\t<div class=\"e-con-inner\">\n\t\t\t\t<div class=\"elementor-element elementor-element-9343bdc elementor-widget elementor-widget-heading\" data-id=\"9343bdc\" data-element_type=\"widget\" data-e-type=\"widget\" data-widget_type=\"heading.default\">\n\t\t\t\t<div class=\"elementor-widget-container\">\n\t\t\t\t\t<h2 class=\"elementor-heading-title elementor-size-default\">\u00d3leo CBD para Articula\u00e7\u00f5es - conforto e mobilidade - Allevia<\/h2>\t\t\t\t<\/div>\n\t\t\t\t<\/div>\n\t\t\t\t\t<\/div>\n\t\t\t\t<\/div>\n\t\t\t\t<section class=\"wd-negative-gap elementor-section elementor-top-section elementor-element elementor-element-6db2c9ab elementor-section-content-middle elementor-section-boxed elementor-section-height-default elementor-section-height-default\" data-id=\"6db2c9ab\" data-element_type=\"section\" data-e-type=\"section\">\n\t\t\t\t\t\t<div class=\"elementor-container elementor-column-gap-default\">\n\t\t\t\t\t<div class=\"elementor-column elementor-col-33 elementor-top-column elementor-element elementor-element-0dec905\" data-id=\"0dec905\" data-element_type=\"column\" data-e-type=\"column\">\n\t\t\t<div class=\"elementor-widget-wrap elementor-element-populated\">\n\t\t\t\t\t\t<div class=\"elementor-element elementor-element-4f3e8dd elementor-widget elementor-widget-spacer\" data-id=\"4f3e8dd\" data-element_type=\"widget\" data-e-type=\"widget\" data-widget_type=\"spacer.default\">\n\t\t\t\t<div class=\"elementor-widget-container\">\n\t\t\t\t\t\t\t<div class=\"elementor-spacer\">\n\t\t\t<div class=\"elementor-spacer-inner\"><\/div>\n\t\t<\/div>\n\t\t\t\t\t\t<\/div>\n\t\t\t\t<\/div>\n\t\t\t\t\t<\/div>\n\t\t<\/div>\n\t\t\t\t<div class=\"elementor-column elementor-col-33 elementor-top-column elementor-element elementor-element-74e7006\" data-id=\"74e7006\" data-element_type=\"column\" data-e-type=\"column\">\n\t\t\t<div class=\"elementor-widget-wrap elementor-element-populated\">\n\t\t\t\t\t\t<div class=\"elementor-element elementor-element-0dfdb46 elementor-widget__width-initial elementor-widget elementor-widget-wd_text_block\" data-id=\"0dfdb46\" data-element_type=\"widget\" data-e-type=\"widget\" data-widget_type=\"wd_text_block.default\">\n\t\t\t\t<div class=\"elementor-widget-container\">\n\t\t\t\t\t\t\t<div class=\"wd-text-block reset-last-child text-left\">\n\t\t\t\n\t\t\t<p data-start=\"1019\" data-end=\"1171\">O Allevia \u00e9 um <strong data-start=\"1034\" data-end=\"1064\">\u00f3leo CBD para articula\u00e7\u00f5es<\/strong> desenvolvido para apoiar o <strong data-start=\"1092\" data-end=\"1114\">conforto articular<\/strong>, a <strong data-start=\"1118\" data-end=\"1132\">mobilidade<\/strong> e o bem-estar di\u00e1rio de forma natural.<\/p><p data-start=\"1173\" data-end=\"1389\">Ao combinar <strong data-start=\"1185\" data-end=\"1209\">CBD de largo espetro<\/strong> com terpenos derivados do c\u00e2nhamo, <strong data-start=\"1245\" data-end=\"1278\">curcuma, boswellia e cravinho<\/strong>, esta f\u00f3rmula bot\u00e2nica integra ingredientes tradicionalmente utilizados em rotinas de suporte \u00e0s articula\u00e7\u00f5es.<\/p><p data-start=\"1391\" data-end=\"1485\">\ud83d\udc49 Ideal para quem procura uma abordagem natural para o movimento e o equil\u00edbrio no dia a dia.<\/p><h3 data-section-id=\"zxxwc8\" data-start=\"1492\" data-end=\"1511\">\ud83d\udd39 COMO FUNCIONA<\/h3><p data-start=\"1513\" data-end=\"1676\">A f\u00f3rmula baseia-se na combina\u00e7\u00e3o de diferentes compostos naturais que trabalham em conjunto (efeito sin\u00e9rgico), criando uma abordagem mais completa e equilibrada.<\/p><p data-start=\"1678\" data-end=\"1734\">Sem THC (&lt;0,01%), foi concebida para utiliza\u00e7\u00e3o regular.<\/p><h3 data-section-id=\"1vtt2eq\" data-start=\"1741\" data-end=\"1767\">\ud83d\udd39 QUALIDADE DA F\u00d3RMULA<\/h3><p data-start=\"1769\" data-end=\"1895\">Para garantir consist\u00eancia e qualidade, o Allevia utiliza <strong data-start=\"1827\" data-end=\"1884\">\u00f3leo de sementes de c\u00e2nhamo biol\u00f3gico prensado a frio<\/strong> como base.<\/p><p data-start=\"1897\" data-end=\"2018\">Naturalmente rico em <strong data-start=\"1918\" data-end=\"1933\">\u00f3mega 3 e 6<\/strong>, complementa a f\u00f3rmula e contribui para uma utiliza\u00e7\u00e3o di\u00e1ria simples e equilibrada.<\/p><h3 data-section-id=\"k3h1s1\" data-start=\"2025\" data-end=\"2057\">\ud83d\udd39 PORQU\u00ca ESCOLHER O ALLEVIA?<\/h3><p data-start=\"2059\" data-end=\"2145\">\ud83c\udf3f <strong data-start=\"2062\" data-end=\"2097\">Conforto e mobilidade articular<\/strong><br data-start=\"2097\" data-end=\"2100\" \/>Apoia o movimento e o bem-estar no dia a dia.<\/p><p data-start=\"2147\" data-end=\"2250\">\ud83c\udf31 <strong data-start=\"2150\" data-end=\"2186\">\u00d3leo CBD com curcuma e boswellia<\/strong><br data-start=\"2186\" data-end=\"2189\" \/>Combina\u00e7\u00e3o bot\u00e2nica pensada para uma abordagem mais completa.<\/p><p data-start=\"2252\" data-end=\"2340\">\u2696\ufe0f <strong data-start=\"2255\" data-end=\"2282\">Concentra\u00e7\u00f5es adaptadas<\/strong><br data-start=\"2282\" data-end=\"2285\" \/>10% \u2192 uso di\u00e1rio<br data-start=\"2301\" data-end=\"2304\" \/>20% \u2192 necessidades mais intensivas<\/p><p data-start=\"2342\" data-end=\"2430\">\ud83d\udee1\ufe0f <strong data-start=\"2346\" data-end=\"2382\">Sem THC e testado em laborat\u00f3rio<\/strong><br data-start=\"2382\" data-end=\"2385\" \/>&lt;0,01% THC \u2022 qualidade e pureza verificadas<\/p><p data-start=\"2432\" data-end=\"2503\">\ud83d\udca7 <strong data-start=\"2435\" data-end=\"2452\">F\u00e1cil de usar<\/strong><br data-start=\"2452\" data-end=\"2455\" \/>Gotas sublinguais, simples de integrar na rotina<\/p><p data-start=\"2432\" data-end=\"2503\">Se procura um <strong data-start=\"2556\" data-end=\"2586\">\u00f3leo CBD para articula\u00e7\u00f5es<\/strong> de elevada qualidade, com uma abordagem natural ao <strong data-start=\"2638\" data-end=\"2673\">conforto e mobilidade articular<\/strong>, o Allevia pode ser uma op\u00e7\u00e3o a considerar para o seu dia a dia.<\/p>\n\t\t\t\t\t<\/div>\n\t\t\t\t\t\t<\/div>\n\t\t\t\t<\/div>\n\t\t\t\t\t<\/div>\n\t\t<\/div>\n\t\t\t\t<div class=\"elementor-column elementor-col-33 elementor-top-column elementor-element elementor-element-cb051fd\" data-id=\"cb051fd\" data-element_type=\"column\" data-e-type=\"column\">\n\t\t\t<div class=\"elementor-widget-wrap elementor-element-populated\">\n\t\t\t\t\t\t<div class=\"elementor-element elementor-element-270533b elementor-widget elementor-widget-image\" data-id=\"270533b\" data-element_type=\"widget\" data-e-type=\"widget\" data-widget_type=\"image.default\">\n\t\t\t\t<div class=\"elementor-widget-container\">\n\t\t\t\t\t\t\t\t\t\t\t\t\t\t\t<img loading=\"lazy\" decoding=\"async\" width=\"768\" height=\"1152\" src=\"https:\/\/sulisluna.com\/wp-content\/themes\/woodmart\/images\/lazy.svg\" class=\"attachment-medium_large size-medium_large wp-image-40052 wd-lazy-fade\" alt=\"\u00d3leo CBD Allevia 20% 2000mg para mobilidade e conforto articular com homem a caminhar ao ar livre, movimento sem limites.\" srcset=\"\" sizes=\"auto, (max-width: 768px) 100vw, 768px\" data-src=\"https:\/\/sulisluna.com\/wp-content\/uploads\/oleo-cbd-para-articulacoes-movimento-sem-limites-allevia-sulisluna-768x1152.webp\" data-srcset=\"https:\/\/sulisluna.com\/wp-content\/uploads\/oleo-cbd-para-articulacoes-movimento-sem-limites-allevia-sulisluna-768x1152.webp 768w, https:\/\/sulisluna.com\/wp-content\/uploads\/oleo-cbd-para-articulacoes-movimento-sem-limites-allevia-sulisluna-200x300.webp 200w, https:\/\/sulisluna.com\/wp-content\/uploads\/oleo-cbd-para-articulacoes-movimento-sem-limites-allevia-sulisluna-533x800.webp 533w, https:\/\/sulisluna.com\/wp-content\/uploads\/oleo-cbd-para-articulacoes-movimento-sem-limites-allevia-sulisluna-430x645.webp 430w, https:\/\/sulisluna.com\/wp-content\/uploads\/oleo-cbd-para-articulacoes-movimento-sem-limites-allevia-sulisluna-700x1050.webp 700w, https:\/\/sulisluna.com\/wp-content\/uploads\/oleo-cbd-para-articulacoes-movimento-sem-limites-allevia-sulisluna-150x225.webp 150w, https:\/\/sulisluna.com\/wp-content\/uploads\/oleo-cbd-para-articulacoes-movimento-sem-limites-allevia-sulisluna.webp 1024w\" title=\"\">\t\t\t\t\t\t\t\t\t\t\t\t\t\t\t<\/div>\n\t\t\t\t<\/div>\n\t\t\t\t\t<\/div>\n\t\t<\/div>\n\t\t\t\t\t<\/div>\n\t\t<\/section>\n\t\t\t\t<\/div>\n\t\t","protected":false},"excerpt":{"rendered":"<ul style=\"margin: 10px 0 0 0; padding: 0; list-style: none; font-size: 14px; color: #333; line-height: 1.5;\">\n<li>O Allevia \u00e9 um <b data-path-to-node=\"5\" data-index-in-node=\"15\">\u00f3leo CBD para articula\u00e7\u00f5es<\/b> com curcuma, boswellia e cravinho, ideal para quem procura <b data-path-to-node=\"5\" data-index-in-node=\"101\">conforto articular<\/b> e melhorar a <b data-path-to-node=\"5\" data-index-in-node=\"133\">mobilidade articular<\/b> de forma natural.<\/li>\n<li><strong><span style=\"color: #008c4b;\">\u2714<\/span><\/strong> <b data-path-to-node=\"6,0,0\" data-index-in-node=\"2\">Al\u00edvio natural:<\/b> Reduz a rigidez articular e as dores articulares.<\/li>\n<li><strong><span style=\"color: #008c4b;\">\u2714<\/span><\/strong> <b data-path-to-node=\"6,1,0\" data-index-in-node=\"2\">F\u00f3rmula Premium:<\/b> \u00d3leo CBD com curcuma e boswellia (0% THC).<\/li>\n<li><strong>Escolha a concentra\u00e7\u00e3o:\u00a0 <\/strong><strong>10%<\/strong> para apoio di\u00e1rio; <strong>20%<\/strong> para um al\u00edvio mais intenso.<\/li>\n<\/ul>\n<p style=\"font-size: 14px; margin: 8px 0 2px 0; color: #333; line-height: 1.5;\">N\u00e3o tem a certeza da dose? <a href=\"https:\/\/sulisluna.com\/pt-pt\/allevia-calculadora\/\" target=\"_blank\" rel=\"noopener\">Descubra aqui a sua dose ideal de Allevia<\/a><\/p>\n<p><img loading=\"lazy\" decoding=\"async\" class=\" wd-lazy-fade size-medium wp-image-39860\" src=\"https:\/\/sulisluna.com\/wp-content\/themes\/woodmart\/images\/lazy.svg\" data-src=\"https:\/\/sulisluna.com\/wp-content\/uploads\/oleo-cbd-beneficios-icones-natural-thc-zero-testado-laboratorio-oleos-essenciais-allevia.webp.webp\" alt=\"\u00cdcones dos benef\u00edcios do \u00f3leo CBD Allevia: natural, THC zero, testado em laborat\u00f3rio e com \u00f3leos essenciais\" width=\"400\" height=\"94\" \/><\/p>\n","protected":false},"featured_media":40027,"comment_status":"open","ping_status":"closed","template":"","meta":[],"product_brand":[],"product_cat":[215],"product_tag":[429],"class_list":{"0":"post-39978","1":"product","2":"type-product","3":"status-publish","4":"has-post-thumbnail","6":"product_cat-oleo-de-cbd-sulisluna","7":"product_tag-pt_allevia","8":"pa_size_cbd_oil-10-ml","10":"first","11":"instock","12":"shipping-taxable","13":"purchasable","14":"product-type-variable","15":"has-default-attributes"},"_links":{"self":[{"href":"https:\/\/sulisluna.com\/pt-pt\/wp-json\/wp\/v2\/product\/39978","targetHints":{"allow":["GET"]}}],"collection":[{"href":"https:\/\/sulisluna.com\/pt-pt\/wp-json\/wp\/v2\/product"}],"about":[{"href":"https:\/\/sulisluna.com\/pt-pt\/wp-json\/wp\/v2\/types\/product"}],"replies":[{"embeddable":true,"href":"https:\/\/sulisluna.com\/pt-pt\/wp-json\/wp\/v2\/comments?post=39978"}],"version-history":[{"count":43,"href":"https:\/\/sulisluna.com\/pt-pt\/wp-json\/wp\/v2\/product\/39978\/revisions"}],"predecessor-version":[{"id":40164,"href":"https:\/\/sulisluna.com\/pt-pt\/wp-json\/wp\/v2\/product\/39978\/revisions\/40164"}],"wp:featuredmedia":[{"embeddable":true,"href":"https:\/\/sulisluna.com\/pt-pt\/wp-json\/wp\/v2\/media\/40027"}],"wp:attachment":[{"href":"https:\/\/sulisluna.com\/pt-pt\/wp-json\/wp\/v2\/media?parent=39978"}],"wp:term":[{"taxonomy":"product_brand","embeddable":true,"href":"https:\/\/sulisluna.com\/pt-pt\/wp-json\/wp\/v2\/product_brand?post=39978"},{"taxonomy":"product_cat","embeddable":true,"href":"https:\/\/sulisluna.com\/pt-pt\/wp-json\/wp\/v2\/product_cat?post=39978"},{"taxonomy":"product_tag","embeddable":true,"href":"https:\/\/sulisluna.com\/pt-pt\/wp-json\/wp\/v2\/product_tag?post=39978"}],"curies":[{"name":"wp","href":"https:\/\/api.w.org\/{rel}","templated":true}]}}